{"id":23,"date":"2025-04-11T15:37:20","date_gmt":"2025-04-11T15:37:20","guid":{"rendered":"https:\/\/dulcessplash.rkinformatika.online\/?page_id=23"},"modified":"2025-04-22T13:29:00","modified_gmt":"2025-04-22T13:29:00","slug":"servicios","status":"publish","type":"page","link":"https:\/\/dulcessplash.com\/eu\/servicios\/","title":{"rendered":"Zerbitzuak"},"content":{"rendered":"<div data-elementor-type=\"wp-post\" data-elementor-id=\"23\" class=\"elementor elementor-23\" data-elementor-post-type=\"page\">\n\t\t\t\t<div class=\"elementor-element elementor-element-645ba23 e-flex e-con-boxed e-con e-parent\" data-id=\"645ba23\" data-element_type=\"container\" data-e-type=\"container\" data-settings=\"{&quot;background_background&quot;:&quot;classic&quot;}\">\n\t\t\t\t\t<div class=\"e-con-inner\">\n\t\t\t\t<div class=\"elementor-element elementor-element-87063f9 elementor-invisible elementor-widget elementor-widget-heading\" data-id=\"87063f9\" data-element_type=\"widget\" data-e-type=\"widget\" data-settings=\"{&quot;_animation&quot;:&quot;fadeInDown&quot;}\" data-widget_type=\"heading.default\">\n\t\t\t\t<div class=\"elementor-widget-container\">\n\t\t\t\t\t<h2 class=\"elementor-heading-title elementor-size-default\">\u00bfQu\u00e9 ofrecemos?<\/h2>\t\t\t\t<\/div>\n\t\t\t\t<\/div>\n\t\t\t\t\t<\/div>\n\t\t\t\t<\/div>\n\t\t<div class=\"elementor-element elementor-element-6167518 e-flex e-con-boxed e-con e-parent\" data-id=\"6167518\" data-element_type=\"container\" data-e-type=\"container\" data-settings=\"{&quot;background_background&quot;:&quot;classic&quot;}\">\n\t\t\t\t\t<div class=\"e-con-inner\">\n\t\t<div class=\"elementor-element elementor-element-d3db013 e-con-full e-flex e-con e-child\" data-id=\"d3db013\" data-element_type=\"container\" data-e-type=\"container\" data-settings=\"{&quot;background_background&quot;:&quot;classic&quot;}\">\n\t\t\t\t<div class=\"elementor-element elementor-element-b9ff394 elementor-widget elementor-widget-image\" data-id=\"b9ff394\" data-element_type=\"widget\" data-e-type=\"widget\" data-widget_type=\"image.default\">\n\t\t\t\t<div class=\"elementor-widget-container\">\n\t\t\t\t\t\t\t\t\t\t\t\t\t\t\t\t<a href=\"https:\/\/dulcessplash.com\/wp-content\/uploads\/2025\/04\/PVAM.jpg\" data-elementor-open-lightbox=\"yes\" data-e-action-hash=\"#elementor-action%3Aaction%3Dlightbox%26settings%3DeyJpZCI6NjU3LCJ1cmwiOiJodHRwczpcL1wvZHVsY2Vzc3BsYXNoLmNvbVwvd3AtY29udGVudFwvdXBsb2Fkc1wvMjAyNVwvMDRcL1BWQU0uanBnIn0%3D\">\n\t\t\t\t\t\t\t<img decoding=\"async\" src=\"https:\/\/dulcessplash.com\/wp-content\/uploads\/elementor\/thumbs\/PVAM-r4qayhnjp514t2q0ahq7rpopizpji8zgq5s75p4544.jpg\" title=\"\" alt=\"\" loading=\"lazy\" \/>\t\t\t\t\t\t\t\t<\/a>\n\t\t\t\t\t\t\t\t\t\t\t\t\t\t\t<\/div>\n\t\t\t\t<\/div>\n\t\t\t\t<div class=\"elementor-element elementor-element-8e42d2f elementor-widget elementor-widget-heading\" data-id=\"8e42d2f\" data-element_type=\"widget\" data-e-type=\"widget\" data-widget_type=\"heading.default\">\n\t\t\t\t<div class=\"elementor-widget-container\">\n\t\t\t\t\t<h2 class=\"elementor-heading-title elementor-size-default\">Bolsa de chuches<\/h2>\t\t\t\t<\/div>\n\t\t\t\t<\/div>\n\t\t\t\t<div class=\"elementor-element elementor-element-4620334 elementor-widget elementor-widget-text-editor\" data-id=\"4620334\" data-element_type=\"widget\" data-e-type=\"widget\" data-widget_type=\"text-editor.default\">\n\t\t\t\t<div class=\"elementor-widget-container\">\n\t\t\t\t\t\t\t\t\t<p>Hacemos bolsa de cumplea\u00f1os, bautizos, bodas y dem\u00e1s eventos.\u00a0<\/p>\t\t\t\t\t\t\t\t<\/div>\n\t\t\t\t<\/div>\n\t\t\t\t<\/div>\n\t\t<div class=\"elementor-element elementor-element-c043ba3 e-con-full e-flex e-con e-child\" data-id=\"c043ba3\" data-element_type=\"container\" data-e-type=\"container\" data-settings=\"{&quot;background_background&quot;:&quot;classic&quot;}\">\n\t\t\t\t<div class=\"elementor-element elementor-element-70c94d3 elementor-widget elementor-widget-image\" data-id=\"70c94d3\" data-element_type=\"widget\" data-e-type=\"widget\" data-widget_type=\"image.default\">\n\t\t\t\t<div class=\"elementor-widget-container\">\n\t\t\t\t\t\t\t\t\t\t\t\t\t\t\t\t<a href=\"https:\/\/dulcessplash.com\/wp-content\/uploads\/2025\/04\/juguete_huay.jpg\" data-elementor-open-lightbox=\"yes\" data-elementor-lightbox-title=\"juguete_huay\" data-e-action-hash=\"#elementor-action%3Aaction%3Dlightbox%26settings%3DeyJpZCI6Mjc0LCJ1cmwiOiJodHRwczpcL1wvZHVsY2Vzc3BsYXNoLmNvbVwvd3AtY29udGVudFwvdXBsb2Fkc1wvMjAyNVwvMDRcL2p1Z3VldGVfaHVheS5qcGcifQ%3D%3D\">\n\t\t\t\t\t\t\t<img decoding=\"async\" src=\"https:\/\/dulcessplash.com\/wp-content\/uploads\/elementor\/thumbs\/juguete_huay-r4c8qmi8jhxmatwiv4jvsfxdfmtkndi4iehoddtkv8.jpg\" title=\"juguete_huay\" alt=\"juguete_huay\" loading=\"lazy\" \/>\t\t\t\t\t\t\t\t<\/a>\n\t\t\t\t\t\t\t\t\t\t\t\t\t\t\t<\/div>\n\t\t\t\t<\/div>\n\t\t\t\t<div class=\"elementor-element elementor-element-e902f2b elementor-widget elementor-widget-heading\" data-id=\"e902f2b\" data-element_type=\"widget\" data-e-type=\"widget\" data-widget_type=\"heading.default\">\n\t\t\t\t<div class=\"elementor-widget-container\">\n\t\t\t\t\t<h2 class=\"elementor-heading-title elementor-size-default\">Juguetes<\/h2>\t\t\t\t<\/div>\n\t\t\t\t<\/div>\n\t\t\t\t<div class=\"elementor-element elementor-element-22d5477 elementor-widget elementor-widget-text-editor\" data-id=\"22d5477\" data-element_type=\"widget\" data-e-type=\"widget\" data-widget_type=\"text-editor.default\">\n\t\t\t\t<div class=\"elementor-widget-container\">\n\t\t\t\t\t\t\t\t\t<p>Tenemos los \u00faltimos juguetes que salen a la venta, ven a mirar y si te interesa algo, compr\u00e1lo.<\/p>\t\t\t\t\t\t\t\t<\/div>\n\t\t\t\t<\/div>\n\t\t\t\t<\/div>\n\t\t<div class=\"elementor-element elementor-element-2ef08bd e-con-full e-flex e-con e-child\" data-id=\"2ef08bd\" data-element_type=\"container\" data-e-type=\"container\" data-settings=\"{&quot;background_background&quot;:&quot;classic&quot;}\">\n\t\t\t\t<div class=\"elementor-element elementor-element-fb047e3 elementor-widget elementor-widget-image\" data-id=\"fb047e3\" data-element_type=\"widget\" data-e-type=\"widget\" data-widget_type=\"image.default\">\n\t\t\t\t<div class=\"elementor-widget-container\">\n\t\t\t\t\t\t\t\t\t\t\t\t\t\t\t\t<a href=\"https:\/\/dulcessplash.com\/wp-content\/uploads\/2025\/04\/ranas_gominola.jpg\" data-elementor-open-lightbox=\"yes\" data-elementor-lightbox-title=\"ranas_gominola\" data-e-action-hash=\"#elementor-action%3Aaction%3Dlightbox%26settings%3DeyJpZCI6MzA4LCJ1cmwiOiJodHRwczpcL1wvZHVsY2Vzc3BsYXNoLmNvbVwvd3AtY29udGVudFwvdXBsb2Fkc1wvMjAyNVwvMDRcL3JhbmFzX2dvbWlub2xhLmpwZyJ9\">\n\t\t\t\t\t\t\t<img decoding=\"async\" src=\"https:\/\/dulcessplash.com\/wp-content\/uploads\/elementor\/thumbs\/ranas_gominola-r4ca7d880u4tr5aivxa9p4shdyv0jyvx3gahsbmbqc.jpg\" title=\"ranas_gominola\" alt=\"ranas_gominola\" loading=\"lazy\" \/>\t\t\t\t\t\t\t\t<\/a>\n\t\t\t\t\t\t\t\t\t\t\t\t\t\t\t<\/div>\n\t\t\t\t<\/div>\n\t\t\t\t<div class=\"elementor-element elementor-element-e39b9d2 elementor-widget elementor-widget-heading\" data-id=\"e39b9d2\" data-element_type=\"widget\" data-e-type=\"widget\" data-widget_type=\"heading.default\">\n\t\t\t\t<div class=\"elementor-widget-container\">\n\t\t\t\t\t<h2 class=\"elementor-heading-title elementor-size-default\">Dulces<\/h2>\t\t\t\t<\/div>\n\t\t\t\t<\/div>\n\t\t\t\t<div class=\"elementor-element elementor-element-033135c elementor-widget elementor-widget-text-editor\" data-id=\"033135c\" data-element_type=\"widget\" data-e-type=\"widget\" data-widget_type=\"text-editor.default\">\n\t\t\t\t<div class=\"elementor-widget-container\">\n\t\t\t\t\t\t\t\t\t<p>Compramos gominolas a granel y te las vendemos a ti para que las disfrutes, aqu\u00ed, en Portugalete.<\/p>\t\t\t\t\t\t\t\t<\/div>\n\t\t\t\t<\/div>\n\t\t\t\t<\/div>\n\t\t<div class=\"elementor-element elementor-element-93e4215 e-con-full e-flex e-con e-child\" data-id=\"93e4215\" data-element_type=\"container\" data-e-type=\"container\" data-settings=\"{&quot;background_background&quot;:&quot;classic&quot;}\">\n\t\t\t\t<div class=\"elementor-element elementor-element-b65a1d7 elementor-widget elementor-widget-image\" data-id=\"b65a1d7\" data-element_type=\"widget\" data-e-type=\"widget\" data-widget_type=\"image.default\">\n\t\t\t\t<div class=\"elementor-widget-container\">\n\t\t\t\t\t\t\t\t\t\t\t\t\t\t\t\t<a href=\"https:\/\/dulcessplash.com\/wp-content\/uploads\/2025\/04\/00197631238066____1__1200x1200.jpg\" data-elementor-open-lightbox=\"yes\" data-e-action-hash=\"#elementor-action%3Aaction%3Dlightbox%26settings%3DeyJpZCI6NjcxLCJ1cmwiOiJodHRwczpcL1wvZHVsY2Vzc3BsYXNoLmNvbVwvd3AtY29udGVudFwvdXBsb2Fkc1wvMjAyNVwvMDRcLzAwMTk3NjMxMjM4MDY2X19fXzFfXzEyMDB4MTIwMC5qcGcifQ%3D%3D\">\n\t\t\t\t\t\t\t<img decoding=\"async\" src=\"https:\/\/dulcessplash.com\/wp-content\/uploads\/elementor\/thumbs\/00197631238066____1__1200x1200-r4qb6mx6xg6lfew0q0htdnoiv7k27tbpuhbow11b6s.jpg\" title=\"\" alt=\"\" loading=\"lazy\" \/>\t\t\t\t\t\t\t\t<\/a>\n\t\t\t\t\t\t\t\t\t\t\t\t\t\t\t<\/div>\n\t\t\t\t<\/div>\n\t\t\t\t<div class=\"elementor-element elementor-element-fed3f95 elementor-widget elementor-widget-heading\" data-id=\"fed3f95\" data-element_type=\"widget\" data-e-type=\"widget\" data-widget_type=\"heading.default\">\n\t\t\t\t<div class=\"elementor-widget-container\">\n\t\t\t\t\t<h2 class=\"elementor-heading-title elementor-size-default\">Cromos<\/h2>\t\t\t\t<\/div>\n\t\t\t\t<\/div>\n\t\t\t\t<div class=\"elementor-element elementor-element-a6a45c8 elementor-widget elementor-widget-text-editor\" data-id=\"a6a45c8\" data-element_type=\"widget\" data-e-type=\"widget\" data-widget_type=\"text-editor.default\">\n\t\t\t\t<div class=\"elementor-widget-container\">\n\t\t\t\t\t\t\t\t\t<p>Te traemos las \u00faltimas ediciones de coleccionables para que consigas todas las cartas que necesitas.<\/p>\t\t\t\t\t\t\t\t<\/div>\n\t\t\t\t<\/div>\n\t\t\t\t<\/div>\n\t\t\t\t\t<\/div>\n\t\t\t\t<\/div>\n\t\t<div class=\"elementor-element elementor-element-8ec801f e-flex e-con-boxed e-con e-parent\" data-id=\"8ec801f\" data-element_type=\"container\" data-e-type=\"container\" data-settings=\"{&quot;background_background&quot;:&quot;classic&quot;}\">\n\t\t\t\t\t<div class=\"e-con-inner\">\n\t\t<div class=\"elementor-element elementor-element-c3651f6 e-con-full e-flex e-con e-child\" data-id=\"c3651f6\" data-element_type=\"container\" data-e-type=\"container\" data-settings=\"{&quot;background_background&quot;:&quot;classic&quot;}\">\n\t\t\t\t<div class=\"elementor-element elementor-element-2f2b34c elementor-widget elementor-widget-image\" data-id=\"2f2b34c\" data-element_type=\"widget\" data-e-type=\"widget\" data-widget_type=\"image.default\">\n\t\t\t\t<div class=\"elementor-widget-container\">\n\t\t\t\t\t\t\t\t\t\t\t\t\t\t\t\t<a href=\"https:\/\/dulcessplash.com\/wp-content\/uploads\/2025\/04\/peluche.jpg\" data-elementor-open-lightbox=\"yes\" data-elementor-lightbox-title=\"peluche\" data-e-action-hash=\"#elementor-action%3Aaction%3Dlightbox%26settings%3DeyJpZCI6MzMyLCJ1cmwiOiJodHRwczpcL1wvZHVsY2Vzc3BsYXNoLmNvbVwvd3AtY29udGVudFwvdXBsb2Fkc1wvMjAyNVwvMDRcL3BlbHVjaGUuanBnIn0%3D\">\n\t\t\t\t\t\t\t<img decoding=\"async\" src=\"https:\/\/dulcessplash.com\/wp-content\/uploads\/elementor\/thumbs\/peluche-r4casykr0toygnxdsraqh6monmfkdnlxqbt1o5lqsk.jpg\" title=\"peluche\" alt=\"peluche\" loading=\"lazy\" \/>\t\t\t\t\t\t\t\t<\/a>\n\t\t\t\t\t\t\t\t\t\t\t\t\t\t\t<\/div>\n\t\t\t\t<\/div>\n\t\t\t\t<div class=\"elementor-element elementor-element-9bcfbf4 elementor-widget elementor-widget-heading\" data-id=\"9bcfbf4\" data-element_type=\"widget\" data-e-type=\"widget\" data-widget_type=\"heading.default\">\n\t\t\t\t<div class=\"elementor-widget-container\">\n\t\t\t\t\t<h2 class=\"elementor-heading-title elementor-size-default\">Peluches<\/h2>\t\t\t\t<\/div>\n\t\t\t\t<\/div>\n\t\t\t\t<div class=\"elementor-element elementor-element-550701a elementor-widget elementor-widget-text-editor\" data-id=\"550701a\" data-element_type=\"widget\" data-e-type=\"widget\" data-widget_type=\"text-editor.default\">\n\t\t\t\t<div class=\"elementor-widget-container\">\n\t\t\t\t\t\t\t\t\t<p>Nuestros amigos peludos tambi\u00e9n tienen cabida en esta tienda, \u00a1Ll\u00e9vate uno!<\/p>\t\t\t\t\t\t\t\t<\/div>\n\t\t\t\t<\/div>\n\t\t\t\t<\/div>\n\t\t<div class=\"elementor-element elementor-element-5efbb24 e-con-full e-flex e-con e-child\" data-id=\"5efbb24\" data-element_type=\"container\" data-e-type=\"container\" data-settings=\"{&quot;background_background&quot;:&quot;classic&quot;}\">\n\t\t\t\t<div class=\"elementor-element elementor-element-daa5f0d elementor-widget elementor-widget-image\" data-id=\"daa5f0d\" data-element_type=\"widget\" data-e-type=\"widget\" data-widget_type=\"image.default\">\n\t\t\t\t<div class=\"elementor-widget-container\">\n\t\t\t\t\t\t\t\t\t\t\t\t\t\t\t\t<a href=\"https:\/\/dulcessplash.com\/wp-content\/uploads\/2025\/04\/WhatsApp-Image-2025-04-22-at-13.05.16.jpeg\" data-elementor-open-lightbox=\"yes\" data-e-action-hash=\"#elementor-action%3Aaction%3Dlightbox%26settings%3DeyJpZCI6Njc1LCJ1cmwiOiJodHRwczpcL1wvZHVsY2Vzc3BsYXNoLmNvbVwvd3AtY29udGVudFwvdXBsb2Fkc1wvMjAyNVwvMDRcL1doYXRzQXBwLUltYWdlLTIwMjUtMDQtMjItYXQtMTMuMDUuMTYuanBlZyJ9\">\n\t\t\t\t\t\t\t<img decoding=\"async\" src=\"https:\/\/dulcessplash.com\/wp-content\/uploads\/elementor\/thumbs\/WhatsApp-Image-2025-04-22-at-13.05.16-r4qhqxkl03nk2fnmx5jh7122wavv8lej01by26oezo.jpeg\" title=\"\" alt=\"\" loading=\"lazy\" \/>\t\t\t\t\t\t\t\t<\/a>\n\t\t\t\t\t\t\t\t\t\t\t\t\t\t\t<\/div>\n\t\t\t\t<\/div>\n\t\t\t\t<div class=\"elementor-element elementor-element-a8150b5 elementor-widget elementor-widget-heading\" data-id=\"a8150b5\" data-element_type=\"widget\" data-e-type=\"widget\" data-widget_type=\"heading.default\">\n\t\t\t\t<div class=\"elementor-widget-container\">\n\t\t\t\t\t<h2 class=\"elementor-heading-title elementor-size-default\">Refrescos<\/h2>\t\t\t\t<\/div>\n\t\t\t\t<\/div>\n\t\t\t\t<div class=\"elementor-element elementor-element-b7dad9b elementor-widget elementor-widget-text-editor\" data-id=\"b7dad9b\" data-element_type=\"widget\" data-e-type=\"widget\" data-widget_type=\"text-editor.default\">\n\t\t\t\t<div class=\"elementor-widget-container\">\n\t\t\t\t\t\t\t\t\t<p>Tambi\u00e9n tenemos bebidas refrescantes de todo tipo, \u00a1Disfr\u00fatalas!<\/p>\t\t\t\t\t\t\t\t<\/div>\n\t\t\t\t<\/div>\n\t\t\t\t<\/div>\n\t\t<div class=\"elementor-element elementor-element-42a337b e-con-full e-flex e-con e-child\" data-id=\"42a337b\" data-element_type=\"container\" data-e-type=\"container\" data-settings=\"{&quot;background_background&quot;:&quot;classic&quot;}\">\n\t\t\t\t<div class=\"elementor-element elementor-element-ac1463b elementor-widget elementor-widget-image\" data-id=\"ac1463b\" data-element_type=\"widget\" data-e-type=\"widget\" data-widget_type=\"image.default\">\n\t\t\t\t<div class=\"elementor-widget-container\">\n\t\t\t\t\t\t\t\t\t\t\t\t\t\t\t\t<a href=\"https:\/\/dulcessplash.com\/wp-content\/uploads\/2025\/04\/imanes_portugalete.jpg\" data-elementor-open-lightbox=\"yes\" data-elementor-lightbox-title=\"imanes_portugalete\" data-e-action-hash=\"#elementor-action%3Aaction%3Dlightbox%26settings%3DeyJpZCI6MzUzLCJ1cmwiOiJodHRwczpcL1wvZHVsY2Vzc3BsYXNoLmNvbVwvd3AtY29udGVudFwvdXBsb2Fkc1wvMjAyNVwvMDRcL2ltYW5lc19wb3J0dWdhbGV0ZS5qcGcifQ%3D%3D\">\n\t\t\t\t\t\t\t<img decoding=\"async\" src=\"https:\/\/dulcessplash.com\/wp-content\/uploads\/elementor\/thumbs\/imanes_portugalete-r4cca2gh5ue6fis9oppwcs68xco5a0fz16qnsyuz8k.jpg\" title=\"imanes_portugalete\" alt=\"imanes_portugalete\" loading=\"lazy\" \/>\t\t\t\t\t\t\t\t<\/a>\n\t\t\t\t\t\t\t\t\t\t\t\t\t\t\t<\/div>\n\t\t\t\t<\/div>\n\t\t\t\t<div class=\"elementor-element elementor-element-8c1513e elementor-widget elementor-widget-heading\" data-id=\"8c1513e\" data-element_type=\"widget\" data-e-type=\"widget\" data-widget_type=\"heading.default\">\n\t\t\t\t<div class=\"elementor-widget-container\">\n\t\t\t\t\t<h2 class=\"elementor-heading-title elementor-size-default\">Otros<\/h2>\t\t\t\t<\/div>\n\t\t\t\t<\/div>\n\t\t\t\t<div class=\"elementor-element elementor-element-bd4ce36 elementor-widget elementor-widget-text-editor\" data-id=\"bd4ce36\" data-element_type=\"widget\" data-e-type=\"widget\" data-widget_type=\"text-editor.default\">\n\t\t\t\t<div class=\"elementor-widget-container\">\n\t\t\t\t\t\t\t\t\t<p>Tenemos m\u00e1s cosas en esta tienda aparte de lo obvio, \u00a1Descubr\u00e9lo t\u00fa mismo!<\/p>\t\t\t\t\t\t\t\t<\/div>\n\t\t\t\t<\/div>\n\t\t\t\t<\/div>\n\t\t\t\t\t<\/div>\n\t\t\t\t<\/div>\n\t\t<div class=\"elementor-element elementor-element-5f5d618 e-flex e-con-boxed e-con e-parent\" data-id=\"5f5d618\" data-element_type=\"container\" data-e-type=\"container\" data-settings=\"{&quot;background_background&quot;:&quot;classic&quot;}\">\n\t\t\t\t\t<div class=\"e-con-inner\">\n\t\t\t\t<div class=\"elementor-element elementor-element-c34e879 elementor-invisible elementor-widget elementor-widget-heading\" data-id=\"c34e879\" data-element_type=\"widget\" data-e-type=\"widget\" data-settings=\"{&quot;_animation&quot;:&quot;slideInLeft&quot;}\" data-widget_type=\"heading.default\">\n\t\t\t\t<div class=\"elementor-widget-container\">\n\t\t\t\t\t<h2 class=\"elementor-heading-title elementor-size-default\"><a href=\"https:\/\/dulcessplash.com\/eu\/contacto\/\">Cont\u00e1ctanos para saber m\u00e1s<\/a><\/h2>\t\t\t\t<\/div>\n\t\t\t\t<\/div>\n\t\t\t\t\t<\/div>\n\t\t\t\t<\/div>\n\t\t\t\t<\/div>","protected":false},"excerpt":{"rendered":"<p>\u00bfQu\u00e9 ofrecemos? Bolsa de chuches Hacemos bolsa de cumplea\u00f1os, bautizos, bodas y dem\u00e1s eventos.\u00a0 Juguetes Tenemos los \u00faltimos juguetes que salen a la venta, ven a mirar y si te interesa algo, compr\u00e1lo. Dulces Compramos gominolas a granel y te las vendemos a ti para que las disfrutes, aqu\u00ed, en Portugalete. Cromos Te traemos las [&hellip;]<\/p>\n","protected":false},"author":1,"featured_media":0,"parent":0,"menu_order":0,"comment_status":"closed","ping_status":"closed","template":"elementor_canvas","meta":{"footnotes":""},"class_list":["post-23","page","type-page","status-publish","hentry"],"yoast_head":"<!-- This site is optimized with the Yoast SEO plugin v27.3 - https:\/\/yoast.com\/product\/yoast-seo-wordpress\/ -->\n<title>Servicios - Dulces Splash<\/title>\n<meta name=\"robots\" content=\"index, follow, max-snippet:-1, max-image-preview:large, max-video-preview:-1\" \/>\n<link rel=\"canonical\" href=\"https:\/\/dulcessplash.com\/eu\/servicios\/\" \/>\n<meta property=\"og:locale\" content=\"en_US\" \/>\n<meta property=\"og:type\" content=\"article\" \/>\n<meta property=\"og:title\" content=\"Servicios - Dulces Splash\" \/>\n<meta property=\"og:description\" content=\"\u00bfQu\u00e9 ofrecemos? Bolsa de chuches Hacemos bolsa de cumplea\u00f1os, bautizos, bodas y dem\u00e1s eventos.\u00a0 Juguetes Tenemos los \u00faltimos juguetes que salen a la venta, ven a mirar y si te interesa algo, compr\u00e1lo. Dulces Compramos gominolas a granel y te las vendemos a ti para que las disfrutes, aqu\u00ed, en Portugalete. Cromos Te traemos las [&hellip;]\" \/>\n<meta property=\"og:url\" content=\"https:\/\/dulcessplash.com\/eu\/servicios\/\" \/>\n<meta property=\"og:site_name\" content=\"Dulces Splash\" \/>\n<meta property=\"article:modified_time\" content=\"2025-04-22T13:29:00+00:00\" \/>\n<meta property=\"og:image\" content=\"https:\/\/dulcessplash.com\/wp-content\/uploads\/elementor\/thumbs\/PVAM-r4qayhnjp514t2q0ahq7rpopizpji8zgq5s6uy48w0.jpg\" \/>\n<meta name=\"twitter:card\" content=\"summary_large_image\" \/>\n<meta name=\"twitter:label1\" content=\"Est. reading time\" \/>\n\t<meta name=\"twitter:data1\" content=\"2 minutua\" \/>\n<script type=\"application\/ld+json\" class=\"yoast-schema-graph\">{\"@context\":\"https:\\\/\\\/schema.org\",\"@graph\":[{\"@type\":\"WebPage\",\"@id\":\"https:\\\/\\\/dulcessplash.com\\\/servicios\\\/\",\"url\":\"https:\\\/\\\/dulcessplash.com\\\/servicios\\\/\",\"name\":\"Servicios - Dulces Splash\",\"isPartOf\":{\"@id\":\"https:\\\/\\\/dulcessplash.com\\\/#website\"},\"primaryImageOfPage\":{\"@id\":\"https:\\\/\\\/dulcessplash.com\\\/servicios\\\/#primaryimage\"},\"image\":{\"@id\":\"https:\\\/\\\/dulcessplash.com\\\/servicios\\\/#primaryimage\"},\"thumbnailUrl\":\"https:\\\/\\\/dulcessplash.com\\\/wp-content\\\/uploads\\\/elementor\\\/thumbs\\\/PVAM-r4qayhnjp514t2q0ahq7rpopizpji8zgq5s6uy48w0.jpg\",\"datePublished\":\"2025-04-11T15:37:20+00:00\",\"dateModified\":\"2025-04-22T13:29:00+00:00\",\"breadcrumb\":{\"@id\":\"https:\\\/\\\/dulcessplash.com\\\/servicios\\\/#breadcrumb\"},\"inLanguage\":\"eu\",\"potentialAction\":[{\"@type\":\"ReadAction\",\"target\":[\"https:\\\/\\\/dulcessplash.com\\\/servicios\\\/\"]}]},{\"@type\":\"ImageObject\",\"inLanguage\":\"eu\",\"@id\":\"https:\\\/\\\/dulcessplash.com\\\/servicios\\\/#primaryimage\",\"url\":\"https:\\\/\\\/dulcessplash.com\\\/wp-content\\\/uploads\\\/elementor\\\/thumbs\\\/PVAM-r4qayhnjp514t2q0ahq7rpopizpji8zgq5s6uy48w0.jpg\",\"contentUrl\":\"https:\\\/\\\/dulcessplash.com\\\/wp-content\\\/uploads\\\/elementor\\\/thumbs\\\/PVAM-r4qayhnjp514t2q0ahq7rpopizpji8zgq5s6uy48w0.jpg\"},{\"@type\":\"BreadcrumbList\",\"@id\":\"https:\\\/\\\/dulcessplash.com\\\/servicios\\\/#breadcrumb\",\"itemListElement\":[{\"@type\":\"ListItem\",\"position\":1,\"name\":\"Portada\",\"item\":\"https:\\\/\\\/dulcessplash.com\\\/\"},{\"@type\":\"ListItem\",\"position\":2,\"name\":\"Servicios\"}]},{\"@type\":\"WebSite\",\"@id\":\"https:\\\/\\\/dulcessplash.com\\\/#website\",\"url\":\"https:\\\/\\\/dulcessplash.com\\\/\",\"name\":\"Dulces Splash\",\"description\":\"Comercio minorista, venta de chucher\u00edas, caramelos, cromos y juguetes.\",\"publisher\":{\"@id\":\"https:\\\/\\\/dulcessplash.com\\\/#organization\"},\"potentialAction\":[{\"@type\":\"SearchAction\",\"target\":{\"@type\":\"EntryPoint\",\"urlTemplate\":\"https:\\\/\\\/dulcessplash.com\\\/?s={search_term_string}\"},\"query-input\":{\"@type\":\"PropertyValueSpecification\",\"valueRequired\":true,\"valueName\":\"search_term_string\"}}],\"inLanguage\":\"eu\"},{\"@type\":\"Organization\",\"@id\":\"https:\\\/\\\/dulcessplash.com\\\/#organization\",\"name\":\"Dulces Splash\",\"url\":\"https:\\\/\\\/dulcessplash.com\\\/\",\"logo\":{\"@type\":\"ImageObject\",\"inLanguage\":\"eu\",\"@id\":\"https:\\\/\\\/dulcessplash.com\\\/#\\\/schema\\\/logo\\\/image\\\/\",\"url\":\"https:\\\/\\\/dulcessplash.com\\\/wp-content\\\/uploads\\\/2025\\\/04\\\/cropped-Screenshot_2025-04-11-10-41-09-174_com.facebook.katana-edit-Jose-luis.jpg\",\"contentUrl\":\"https:\\\/\\\/dulcessplash.com\\\/wp-content\\\/uploads\\\/2025\\\/04\\\/cropped-Screenshot_2025-04-11-10-41-09-174_com.facebook.katana-edit-Jose-luis.jpg\",\"width\":1218,\"height\":512,\"caption\":\"Dulces Splash\"},\"image\":{\"@id\":\"https:\\\/\\\/dulcessplash.com\\\/#\\\/schema\\\/logo\\\/image\\\/\"}}]}<\/script>\n<!-- \/ Yoast SEO plugin. -->","yoast_head_json":{"title":"Servicios - Dulces Splash","robots":{"index":"index","follow":"follow","max-snippet":"max-snippet:-1","max-image-preview":"max-image-preview:large","max-video-preview":"max-video-preview:-1"},"canonical":"https:\/\/dulcessplash.com\/eu\/servicios\/","og_locale":"en_US","og_type":"article","og_title":"Servicios - Dulces Splash","og_description":"\u00bfQu\u00e9 ofrecemos? Bolsa de chuches Hacemos bolsa de cumplea\u00f1os, bautizos, bodas y dem\u00e1s eventos.\u00a0 Juguetes Tenemos los \u00faltimos juguetes que salen a la venta, ven a mirar y si te interesa algo, compr\u00e1lo. Dulces Compramos gominolas a granel y te las vendemos a ti para que las disfrutes, aqu\u00ed, en Portugalete. Cromos Te traemos las [&hellip;]","og_url":"https:\/\/dulcessplash.com\/eu\/servicios\/","og_site_name":"Dulces Splash","article_modified_time":"2025-04-22T13:29:00+00:00","og_image":[{"url":"https:\/\/dulcessplash.com\/wp-content\/uploads\/elementor\/thumbs\/PVAM-r4qayhnjp514t2q0ahq7rpopizpji8zgq5s6uy48w0.jpg","type":"","width":"","height":""}],"twitter_card":"summary_large_image","twitter_misc":{"Est. reading time":"2 minutua"},"schema":{"@context":"https:\/\/schema.org","@graph":[{"@type":"WebPage","@id":"https:\/\/dulcessplash.com\/servicios\/","url":"https:\/\/dulcessplash.com\/servicios\/","name":"Servicios - Dulces Splash","isPartOf":{"@id":"https:\/\/dulcessplash.com\/#website"},"primaryImageOfPage":{"@id":"https:\/\/dulcessplash.com\/servicios\/#primaryimage"},"image":{"@id":"https:\/\/dulcessplash.com\/servicios\/#primaryimage"},"thumbnailUrl":"https:\/\/dulcessplash.com\/wp-content\/uploads\/elementor\/thumbs\/PVAM-r4qayhnjp514t2q0ahq7rpopizpji8zgq5s6uy48w0.jpg","datePublished":"2025-04-11T15:37:20+00:00","dateModified":"2025-04-22T13:29:00+00:00","breadcrumb":{"@id":"https:\/\/dulcessplash.com\/servicios\/#breadcrumb"},"inLanguage":"eu","potentialAction":[{"@type":"ReadAction","target":["https:\/\/dulcessplash.com\/servicios\/"]}]},{"@type":"ImageObject","inLanguage":"eu","@id":"https:\/\/dulcessplash.com\/servicios\/#primaryimage","url":"https:\/\/dulcessplash.com\/wp-content\/uploads\/elementor\/thumbs\/PVAM-r4qayhnjp514t2q0ahq7rpopizpji8zgq5s6uy48w0.jpg","contentUrl":"https:\/\/dulcessplash.com\/wp-content\/uploads\/elementor\/thumbs\/PVAM-r4qayhnjp514t2q0ahq7rpopizpji8zgq5s6uy48w0.jpg"},{"@type":"BreadcrumbList","@id":"https:\/\/dulcessplash.com\/servicios\/#breadcrumb","itemListElement":[{"@type":"ListItem","position":1,"name":"Portada","item":"https:\/\/dulcessplash.com\/"},{"@type":"ListItem","position":2,"name":"Servicios"}]},{"@type":"WebSite","@id":"https:\/\/dulcessplash.com\/#website","url":"https:\/\/dulcessplash.com\/","name":"Dulces Splash","description":"Comercio minorista, venta de chucher\u00edas, caramelos, cromos y juguetes.","publisher":{"@id":"https:\/\/dulcessplash.com\/#organization"},"potentialAction":[{"@type":"SearchAction","target":{"@type":"EntryPoint","urlTemplate":"https:\/\/dulcessplash.com\/?s={search_term_string}"},"query-input":{"@type":"PropertyValueSpecification","valueRequired":true,"valueName":"search_term_string"}}],"inLanguage":"eu"},{"@type":"Organization","@id":"https:\/\/dulcessplash.com\/#organization","name":"Dulces Splash","url":"https:\/\/dulcessplash.com\/","logo":{"@type":"ImageObject","inLanguage":"eu","@id":"https:\/\/dulcessplash.com\/#\/schema\/logo\/image\/","url":"https:\/\/dulcessplash.com\/wp-content\/uploads\/2025\/04\/cropped-Screenshot_2025-04-11-10-41-09-174_com.facebook.katana-edit-Jose-luis.jpg","contentUrl":"https:\/\/dulcessplash.com\/wp-content\/uploads\/2025\/04\/cropped-Screenshot_2025-04-11-10-41-09-174_com.facebook.katana-edit-Jose-luis.jpg","width":1218,"height":512,"caption":"Dulces Splash"},"image":{"@id":"https:\/\/dulcessplash.com\/#\/schema\/logo\/image\/"}}]}},"_links":{"self":[{"href":"https:\/\/dulcessplash.com\/eu\/wp-json\/wp\/v2\/pages\/23","targetHints":{"allow":["GET"]}}],"collection":[{"href":"https:\/\/dulcessplash.com\/eu\/wp-json\/wp\/v2\/pages"}],"about":[{"href":"https:\/\/dulcessplash.com\/eu\/wp-json\/wp\/v2\/types\/page"}],"author":[{"embeddable":true,"href":"https:\/\/dulcessplash.com\/eu\/wp-json\/wp\/v2\/users\/1"}],"replies":[{"embeddable":true,"href":"https:\/\/dulcessplash.com\/eu\/wp-json\/wp\/v2\/comments?post=23"}],"version-history":[{"count":154,"href":"https:\/\/dulcessplash.com\/eu\/wp-json\/wp\/v2\/pages\/23\/revisions"}],"predecessor-version":[{"id":678,"href":"https:\/\/dulcessplash.com\/eu\/wp-json\/wp\/v2\/pages\/23\/revisions\/678"}],"wp:attachment":[{"href":"https:\/\/dulcessplash.com\/eu\/wp-json\/wp\/v2\/media?parent=23"}],"curies":[{"name":"wp","href":"https:\/\/api.w.org\/{rel}","templated":true}]}}